{"id":88,"date":"2015-11-04T14:52:54","date_gmt":"2015-11-04T14:52:54","guid":{"rendered":"http:\/\/mentat.hu"},"modified":"2020-06-09T20:12:11","modified_gmt":"2020-06-09T20:12:11","slug":"biztonsagtechnikai-rendszerek-fejlesztese","status":"publish","type":"page","link":"https:\/\/mentat.hu\/?page_id=88","title":{"rendered":"\u00c9p\u00fcletautomatiz\u00e1l\u00e1si rendszerek fejleszt\u00e9se"},"content":{"rendered":"<p>Vezet\u00e9kes \u00e9s vezet\u00e9k n\u00e9lk\u00fcli rendszerek fejleszt\u00e9se<\/p>\n<ul>\n<li>leveg\u0151min\u0151s\u00e9g ellen\u0151rz\u00e9s<\/li>\n<li>h\u0151m\u00e9rs\u00e9klet-, relat\u00edv p\u00e1ratartalom- \u00e9s l\u00e9gnyom\u00e1s-m\u00e9r\u00e9s<\/li>\n<li>anal\u00f3g \u00e9s digit\u00e1lis bemenetek jelfeldolgoz\u00e1sa<\/li>\n<li>anal\u00f3g, digit\u00e1lis \u00e9s PWM kimenetek vez\u00e9rl\u00e9se<\/li>\n<li>motorvez\u00e9rl\u00e9s<\/li>\n<li>RS232, RS485, CAN, LIN, ModBUS, 1-wire, Ethernet, RF433 \/ RF868, LoRA, Zigbee buszok \/ interf\u00e9szek kezel\u00e9se, integr\u00e1ci\u00f3ja.<\/li>\n<\/ul>\n","protected":false},"excerpt":{"rendered":"<p>Vezet\u00e9kes \u00e9s vezet\u00e9k n\u00e9lk\u00fcli rendszerek fejleszt\u00e9se leveg\u0151min\u0151s\u00e9g ellen\u0151rz\u00e9s h\u0151m\u00e9rs\u00e9klet-, relat\u00edv p\u00e1ratartalom- \u00e9s l\u00e9gnyom\u00e1s-m\u00e9r\u00e9s anal\u00f3g \u00e9s digit\u00e1lis bemenetek jelfeldolgoz\u00e1sa anal\u00f3g, digit\u00e1lis \u00e9s PWM kimenetek vez\u00e9rl\u00e9se motorvez\u00e9rl\u00e9s RS232, RS485, CAN, LIN, ModBUS, 1-wire, Ethernet, RF433 \/ RF868, LoRA, Zigbee buszok \/ interf\u00e9szek kezel\u00e9se, integr\u00e1ci\u00f3ja.<\/p>\n","protected":false},"author":1,"featured_media":0,"parent":13,"menu_order":60,"comment_status":"closed","ping_status":"closed","template":"","meta":[],"_links":{"self":[{"href":"https:\/\/mentat.hu\/index.php?rest_route=\/wp\/v2\/pages\/88"}],"collection":[{"href":"https:\/\/mentat.hu\/index.php?rest_route=\/wp\/v2\/pages"}],"about":[{"href":"https:\/\/mentat.hu\/index.php?rest_route=\/wp\/v2\/types\/page"}],"author":[{"embeddable":true,"href":"https:\/\/mentat.hu\/index.php?rest_route=\/wp\/v2\/users\/1"}],"replies":[{"embeddable":true,"href":"https:\/\/mentat.hu\/index.php?rest_route=%2Fwp%2Fv2%2Fcomments&post=88"}],"version-history":[{"count":6,"href":"https:\/\/mentat.hu\/index.php?rest_route=\/wp\/v2\/pages\/88\/revisions"}],"predecessor-version":[{"id":96,"href":"https:\/\/mentat.hu\/index.php?rest_route=\/wp\/v2\/pages\/88\/revisions\/96"}],"up":[{"embeddable":true,"href":"https:\/\/mentat.hu\/index.php?rest_route=\/wp\/v2\/pages\/13"}],"wp:attachment":[{"href":"https:\/\/mentat.hu\/index.php?rest_route=%2Fwp%2Fv2%2Fmedia&parent=88"}],"curies":[{"name":"wp","href":"https:\/\/api.w.org\/{rel}","templated":true}]}}