{"id":83,"date":"2015-11-04T14:45:01","date_gmt":"2015-11-04T14:45:01","guid":{"rendered":"http:\/\/mentat.hu"},"modified":"2020-06-09T20:39:09","modified_gmt":"2020-06-09T20:39:09","slug":"hardver-fejlesztes","status":"publish","type":"page","link":"https:\/\/mentat.hu\/?page_id=83","title":{"rendered":"Term\u00e9kfejleszt\u00e9s"},"content":{"rendered":"<p>\u00c1ramk\u00f6rtervez\u00e9s:<\/p>\n<ul>\n<li>kapcsol\u00e1si rajz \u00e9s alkatr\u00e9sz k\u00f6nyvt\u00e1r<\/li>\n<li>nyomtatott \u00e1ramk\u00f6r huzaloz\u00e1s<\/li>\n<li>szimul\u00e1ci\u00f3<\/li>\n<\/ul>\n<p>&nbsp;<\/p>\n<p>G\u00e9p\u00e9szeti- \u00e9s formatervez\u00e9s:<\/p>\n<ul>\n<li>3D tervez\u00e9s<\/li>\n<li>3D modellez\u00e9s<\/li>\n<li>tesztek<\/li>\n<\/ul>\n<p>&nbsp;<\/p>\n<p>Gy\u00e1rt\u00e1s, gy\u00e1rt\u00e1s t\u00e1mogat\u00e1s:<\/p>\n<ul>\n<li>prot\u00edpus \u00e9s sz\u00e9ria gy\u00e1rt\u00e1s<\/li>\n<li>gy\u00e1rt\u00e1si dokument\u00e1ci\u00f3 elk\u00e9sz\u00edt\u00e9se<\/li>\n<li>hardware \u00e9leszt\u00e9shez, tesztel\u00e9shez c\u00e9lberendez\u00e9s k\u00e9sz\u00edt\u00e9se<\/li>\n<\/ul>\n<p>&nbsp;<\/p>\n<p><a href=\"http:\/\/mentat.hu\/?page_id=32\">Be\u00e1gyazott szoftver fejleszt\u00e9s<\/a><\/p>\n<p>&nbsp;<\/p>\n","protected":false},"excerpt":{"rendered":"<p>\u00c1ramk\u00f6rtervez\u00e9s: kapcsol\u00e1si rajz \u00e9s alkatr\u00e9sz k\u00f6nyvt\u00e1r nyomtatott \u00e1ramk\u00f6r huzaloz\u00e1s szimul\u00e1ci\u00f3 &nbsp; G\u00e9p\u00e9szeti- \u00e9s formatervez\u00e9s: 3D tervez\u00e9s 3D modellez\u00e9s tesztek &nbsp; Gy\u00e1rt\u00e1s, gy\u00e1rt\u00e1s t\u00e1mogat\u00e1s: prot\u00edpus \u00e9s sz\u00e9ria gy\u00e1rt\u00e1s gy\u00e1rt\u00e1si dokument\u00e1ci\u00f3 elk\u00e9sz\u00edt\u00e9se hardware \u00e9leszt\u00e9shez, tesztel\u00e9shez c\u00e9lberendez\u00e9s k\u00e9sz\u00edt\u00e9se &nbsp; Be\u00e1gyazott szoftver fejleszt\u00e9s &nbsp;<\/p>\n","protected":false},"author":1,"featured_media":0,"parent":13,"menu_order":30,"comment_status":"closed","ping_status":"closed","template":"","meta":[],"_links":{"self":[{"href":"https:\/\/mentat.hu\/index.php?rest_route=\/wp\/v2\/pages\/83"}],"collection":[{"href":"https:\/\/mentat.hu\/index.php?rest_route=\/wp\/v2\/pages"}],"about":[{"href":"https:\/\/mentat.hu\/index.php?rest_route=\/wp\/v2\/types\/page"}],"author":[{"embeddable":true,"href":"https:\/\/mentat.hu\/index.php?rest_route=\/wp\/v2\/users\/1"}],"replies":[{"embeddable":true,"href":"https:\/\/mentat.hu\/index.php?rest_route=%2Fwp%2Fv2%2Fcomments&post=83"}],"version-history":[{"count":4,"href":"https:\/\/mentat.hu\/index.php?rest_route=\/wp\/v2\/pages\/83\/revisions"}],"predecessor-version":[{"id":105,"href":"https:\/\/mentat.hu\/index.php?rest_route=\/wp\/v2\/pages\/83\/revisions\/105"}],"up":[{"embeddable":true,"href":"https:\/\/mentat.hu\/index.php?rest_route=\/wp\/v2\/pages\/13"}],"wp:attachment":[{"href":"https:\/\/mentat.hu\/index.php?rest_route=%2Fwp%2Fv2%2Fmedia&parent=83"}],"curies":[{"name":"wp","href":"https:\/\/api.w.org\/{rel}","templated":true}]}}