{"id":68,"date":"2015-11-04T10:22:06","date_gmt":"2015-11-04T10:22:06","guid":{"rendered":"http:\/\/mentat.hu"},"modified":"2020-06-09T20:15:07","modified_gmt":"2020-06-09T20:15:07","slug":"szolgaltatas1-2","status":"publish","type":"page","link":"https:\/\/mentat.hu\/?page_id=68","title":{"rendered":"Bel\u00e9ptet\u0151 rendszerek fejleszt\u00e9se"},"content":{"rendered":"<p>Bel\u00e9ptet\u0151 \u00e9s munkaid\u0151 nyilv\u00e1ntart\u00f3 rendszerek fejleszt\u00e9s, integr\u00e1ci\u00f3ja.<\/p>\n<p>Azonos\u00edt\u00e1s<\/p>\n<ul>\n<li>125KHz Wiegand<\/li>\n<li>MIFARE<\/li>\n<li>Bluetooth 5.0<\/li>\n<\/ul>\n<p>k\u00e1rty\u00e1val, tag-gel vagy mobiltelefonnal.<\/p>\n","protected":false},"excerpt":{"rendered":"<p>Bel\u00e9ptet\u0151 \u00e9s munkaid\u0151 nyilv\u00e1ntart\u00f3 rendszerek fejleszt\u00e9s, integr\u00e1ci\u00f3ja. Azonos\u00edt\u00e1s 125KHz Wiegand MIFARE Bluetooth 5.0 k\u00e1rty\u00e1val, tag-gel vagy mobiltelefonnal.<\/p>\n","protected":false},"author":1,"featured_media":0,"parent":13,"menu_order":50,"comment_status":"closed","ping_status":"closed","template":"","meta":[],"_links":{"self":[{"href":"https:\/\/mentat.hu\/index.php?rest_route=\/wp\/v2\/pages\/68"}],"collection":[{"href":"https:\/\/mentat.hu\/index.php?rest_route=\/wp\/v2\/pages"}],"about":[{"href":"https:\/\/mentat.hu\/index.php?rest_route=\/wp\/v2\/types\/page"}],"author":[{"embeddable":true,"href":"https:\/\/mentat.hu\/index.php?rest_route=\/wp\/v2\/users\/1"}],"replies":[{"embeddable":true,"href":"https:\/\/mentat.hu\/index.php?rest_route=%2Fwp%2Fv2%2Fcomments&post=68"}],"version-history":[{"count":7,"href":"https:\/\/mentat.hu\/index.php?rest_route=\/wp\/v2\/pages\/68\/revisions"}],"predecessor-version":[{"id":99,"href":"https:\/\/mentat.hu\/index.php?rest_route=\/wp\/v2\/pages\/68\/revisions\/99"}],"up":[{"embeddable":true,"href":"https:\/\/mentat.hu\/index.php?rest_route=\/wp\/v2\/pages\/13"}],"wp:attachment":[{"href":"https:\/\/mentat.hu\/index.php?rest_route=%2Fwp%2Fv2%2Fmedia&parent=68"}],"curies":[{"name":"wp","href":"https:\/\/api.w.org\/{rel}","templated":true}]}}