{"id":35,"date":"2015-11-03T08:18:07","date_gmt":"2015-11-03T08:18:07","guid":{"rendered":"http:\/\/mentat.hu"},"modified":"2020-06-10T06:13:35","modified_gmt":"2020-06-10T06:13:35","slug":"szolgaltatas2","status":"publish","type":"page","link":"https:\/\/mentat.hu\/?page_id=35","title":{"rendered":"M2M \/ IoT rendszerek fejleszt\u00e9se"},"content":{"rendered":"<div id=\"pl-35\"  class=\"panel-layout\" ><div id=\"pg-35-0\"  class=\"panel-grid panel-no-style\" ><div id=\"pgc-35-0-0\"  class=\"panel-grid-cell\" ><div id=\"panel-35-0-0-0\" class=\"so-panel widget widget_black-studio-tinymce widget_black_studio_tinymce panel-first-child panel-last-child\" data-index=\"0\" ><div class=\"textwidget\"><p>M2M (machine to machine) \u00e9s IoT rendszerek fejleszt\u00e9se.<\/p>\n<p>2G platformok:<\/p>\n<ul>\n<li>SIMCOM SIM300<\/li>\n<li>SIMCOM SIM900<\/li>\n<li>SIMCOM SIM800<\/li>\n<li>Quectel M66<\/li>\n<li>Quectel MC60 \u00e9s MC60E<\/li>\n<\/ul>\n<p>NB-IoT platformok:<\/p>\n<ul>\n<li>Quectel BC66<\/li>\n<li>Quectel BC68<\/li>\n<li>Quectel BC95G<\/li>\n<\/ul>\n<p>LTE platformok:<\/p>\n<ul>\n<li>Quectel EC\/EG sorozat<\/li>\n<\/ul>\n<p>GPS \/ GLONASS \/ Galileo vev\u0151k:<\/p>\n<ul>\n<li>Quectel L76<\/li>\n<li>Quectel L86<\/li>\n<li>Quectel L96<\/li>\n<\/ul>\n<p>Alkalmaz\u00e1si ter\u00fcletek:<\/p>\n<ul>\n<li>Eg\u00e9szs\u00e9g\u00fcgy, telemedicina<\/li>\n<li>Telemetria, adatgy\u0171jt\u00e9s, vez\u00e9rl\u00e9s<\/li>\n<li>\u00c9p\u00fclet automatiz\u00e1l\u00e1s \/ intelligens \u00e9p\u00fclet<\/li>\n<li>Biztons\u00e1gtechnika, objektum fel\u00fcgyelet<\/li>\n<li>GPS\/GLONASS adatok tov\u00e1bb\u00edt\u00e1sa, feldolgoz\u00e1sa<\/li>\n<\/ul>\n<\/div><\/div><\/div><\/div><div id=\"pg-35-1\"  class=\"panel-grid panel-no-style\" ><div id=\"pgc-35-1-0\"  class=\"panel-grid-cell panel-grid-cell-empty\" ><\/div><\/div><\/div>","protected":false},"excerpt":{"rendered":"<p>M2M (machine to machine) \u00e9s IoT rendszerek fejleszt\u00e9se.2G platformok:SIMCOM SIM300SIMCOM SIM900SIMCOM SIM800Quectel M66Quectel MC60 \u00e9s MC60ENB-IoT platformok:Quectel BC66Quectel BC68Quectel BC95GLTE platformok:Quectel EC\/EG sorozatGPS \/ GLONASS \/ Galileo vev\u0151k:Quectel L76Quectel L86Quectel L96Alkalmaz\u00e1si ter\u00fcletek:Eg\u00e9szs\u00e9g\u00fcgy, telemedicinaTelemetria, adatgy\u0171jt\u00e9s, vez\u00e9rl\u00e9s\u00c9p\u00fclet automatiz\u00e1l\u00e1s \/ intelligens \u00e9p\u00fcletBiztons\u00e1gtechnika, objektum fel\u00fcgyeletGPS\/GLONASS adatok tov\u00e1bb\u00edt\u00e1sa, feldolgoz\u00e1sa<\/p>\n","protected":false},"author":1,"featured_media":0,"parent":13,"menu_order":20,"comment_status":"closed","ping_status":"closed","template":"","meta":[],"_links":{"self":[{"href":"https:\/\/mentat.hu\/index.php?rest_route=\/wp\/v2\/pages\/35"}],"collection":[{"href":"https:\/\/mentat.hu\/index.php?rest_route=\/wp\/v2\/pages"}],"about":[{"href":"https:\/\/mentat.hu\/index.php?rest_route=\/wp\/v2\/types\/page"}],"author":[{"embeddable":true,"href":"https:\/\/mentat.hu\/index.php?rest_route=\/wp\/v2\/users\/1"}],"replies":[{"embeddable":true,"href":"https:\/\/mentat.hu\/index.php?rest_route=%2Fwp%2Fv2%2Fcomments&post=35"}],"version-history":[{"count":9,"href":"https:\/\/mentat.hu\/index.php?rest_route=\/wp\/v2\/pages\/35\/revisions"}],"predecessor-version":[{"id":109,"href":"https:\/\/mentat.hu\/index.php?rest_route=\/wp\/v2\/pages\/35\/revisions\/109"}],"up":[{"embeddable":true,"href":"https:\/\/mentat.hu\/index.php?rest_route=\/wp\/v2\/pages\/13"}],"wp:attachment":[{"href":"https:\/\/mentat.hu\/index.php?rest_route=%2Fwp%2Fv2%2Fmedia&parent=35"}],"curies":[{"name":"wp","href":"https:\/\/api.w.org\/{rel}","templated":true}]}}