{"id":32,"date":"2015-11-03T08:17:53","date_gmt":"2015-11-03T08:17:53","guid":{"rendered":"http:\/\/mentat.hu"},"modified":"2020-06-09T20:28:59","modified_gmt":"2020-06-09T20:28:59","slug":"szolgaltatas1","status":"publish","type":"page","link":"https:\/\/mentat.hu\/?page_id=32","title":{"rendered":"Be\u00e1gyazott szoftver fejleszt\u00e9s"},"content":{"rendered":"<div id=\"pl-32\"  class=\"panel-layout\" ><div id=\"pg-32-0\"  class=\"panel-grid panel-no-style\" ><div id=\"pgc-32-0-0\"  class=\"panel-grid-cell\" ><div id=\"panel-32-0-0-0\" class=\"so-panel widget widget_black-studio-tinymce widget_black_studio_tinymce panel-first-child panel-last-child\" data-index=\"0\" ><div class=\"textwidget\"><p>Be\u00e1gyazott szoftverfejleszt\u00e9s C \/ C++ nyelven.<\/p>\n<p>Platformok:<\/p>\n<ul>\n<li>ARM 9<\/li>\n<li>ARM Cortex A7 \/ A9 \/ A53<\/li>\n<li>ARM Cortex M0 \/ M3 \/ M4(F) \/ M7<\/li>\n<li>MIPS 32<\/li>\n<li><span class=\"js-about-item-abstr\">Xtensa<\/span><\/li>\n<\/ul>\n<p>Oper\u00e1ci\u00f3s rendsze:<\/p>\n<ul>\n<li>\u201ebare metal\u201d azaz oper\u00e1ci\u00f3s rendszer n\u00e9lk\u00fcli megold\u00e1sok<\/li>\n<li>FreeRTOS<\/li>\n<li>NuttX<\/li>\n<li>Linux 3.x, 4.x<\/li>\n<li>Android<\/li>\n<\/ul>\n<p>\u00a0<\/p>\n<\/div><\/div><\/div><\/div><div id=\"pg-32-1\"  class=\"panel-grid panel-no-style\" ><div id=\"pgc-32-1-0\"  class=\"panel-grid-cell panel-grid-cell-empty\" ><\/div><\/div><\/div>","protected":false},"excerpt":{"rendered":"<p>Be\u00e1gyazott szoftverfejleszt\u00e9s C \/ C++ nyelven.Platformok:ARM 9ARM Cortex A7 \/ A9 \/ A53ARM Cortex M0 \/ M3 \/ M4(F) \/ M7MIPS 32XtensaOper\u00e1ci\u00f3s rendsze:\u201ebare metal\u201d azaz oper\u00e1ci\u00f3s rendszer n\u00e9lk\u00fcli megold\u00e1sokFreeRTOSNuttXLinux 3.x, 4.xAndroid\u00a0<\/p>\n","protected":false},"author":1,"featured_media":0,"parent":13,"menu_order":10,"comment_status":"closed","ping_status":"closed","template":"","meta":[],"_links":{"self":[{"href":"https:\/\/mentat.hu\/index.php?rest_route=\/wp\/v2\/pages\/32"}],"collection":[{"href":"https:\/\/mentat.hu\/index.php?rest_route=\/wp\/v2\/pages"}],"about":[{"href":"https:\/\/mentat.hu\/index.php?rest_route=\/wp\/v2\/types\/page"}],"author":[{"embeddable":true,"href":"https:\/\/mentat.hu\/index.php?rest_route=\/wp\/v2\/users\/1"}],"replies":[{"embeddable":true,"href":"https:\/\/mentat.hu\/index.php?rest_route=%2Fwp%2Fv2%2Fcomments&post=32"}],"version-history":[{"count":11,"href":"https:\/\/mentat.hu\/index.php?rest_route=\/wp\/v2\/pages\/32\/revisions"}],"predecessor-version":[{"id":104,"href":"https:\/\/mentat.hu\/index.php?rest_route=\/wp\/v2\/pages\/32\/revisions\/104"}],"up":[{"embeddable":true,"href":"https:\/\/mentat.hu\/index.php?rest_route=\/wp\/v2\/pages\/13"}],"wp:attachment":[{"href":"https:\/\/mentat.hu\/index.php?rest_route=%2Fwp%2Fv2%2Fmedia&parent=32"}],"curies":[{"name":"wp","href":"https:\/\/api.w.org\/{rel}","templated":true}]}}