{"id":2,"date":"2015-10-29T12:30:23","date_gmt":"2015-10-29T12:30:23","guid":{"rendered":"http:\/\/mentat.hu"},"modified":"2020-06-10T06:06:09","modified_gmt":"2020-06-10T06:06:09","slug":"ez-egy-minta-oldal","status":"publish","type":"page","link":"https:\/\/mentat.hu\/","title":{"rendered":"F\u0151oldal"},"content":{"rendered":"<div id=\"pl-2\"  class=\"panel-layout\" ><div id=\"pg-2-0\"  class=\"panel-grid panel-no-style\" ><div id=\"pgc-2-0-0\"  class=\"panel-grid-cell\" ><div id=\"panel-2-0-0-0\" class=\"so-panel widget widget_black-studio-tinymce widget_black_studio_tinymce panel-first-child panel-last-child\" data-index=\"0\" ><h3 class=\"widget-title\">R\u00f3lunk<\/h3><div class=\"textwidget\"><p>Mi, a MENTAT Kft.-n\u00e9l t\u00f6bb \u00e9vtizede dolgozunk az IT szektorban. K\u00fcl\u00f6n-k\u00fcl\u00f6n kezdt\u00fck, de \u00fagy gondoltuk, hogy tud\u00e1sunkat \u00f6sszeadva, egym\u00e1st kieg\u00e9sz\u00edtve jobban ki tudjuk szolg\u00e1lni az \u00fcgyfelek ig\u00e9ny\u00e9t. Sokan \u00e9rtenek sok r\u00e9szter\u00fclethez, de a mi er\u0151ss\u00e9g\u00fcnk, hogy \u2013 a nagy szakmai tapasztalatnak is k\u00f6sz\u00f6nhet\u0151en \u2013 k\u00e9pesek vagyunk az \u00f6sszef\u00fcgg\u00e9seket is \u00e1tl\u00e1tni, \u00e9s a j\u00f6v\u0151be is tekinteni egy-egy feladat kapcs\u00e1n. Alapelv\u00fcnk, hogy nem sablonokban gondolkozunk, mindig az \u00fcgyf\u00e9l sz\u00e1m\u00e1ra leginnovat\u00edvabb, egyben legjobb \u00e1r-\u00e9rt\u00e9k ar\u00e1ny\u00fa megold\u00e1st keress\u00fck. A folyamatos tanul\u00e1s ez\u00e9rt elengedhetetlen, ezt elv\u00e1rjuk koll\u00e9g\u00e1inkt\u00f3l, de lehet\u0151s\u00e9get is biztos\u00edtunk nekik on-the-job tr\u00e9ningek form\u00e1j\u00e1ban. Figyelemmel k\u00eds\u00e9rj\u00fck \u00e9s be\u00e9p\u00edtj\u00fck szolg\u00e1ltat\u00e1sainkba a leg\u00fajabb trendeket. C\u00e9lunk, hogy \u00fcgyfeleink sz\u00e1m\u00e1ra ne csak egy szolg\u00e1ltat\u00e1st adjunk el, hanem probl\u00e9m\u00e1ikra igazi \u2013 ha sz\u00fcks\u00e9ges komplex, a szinergi\u00e1kat kihaszn\u00e1l\u00f3 \u2013 MEGOLD\u00c1St tal\u00e1ljunk, egy\u00fctt gondolkodva, testre szabva. Jelenleg t\u00f6bb szolg\u00e1ltat\u00e1st is fejleszt\u00fcnk, mellyel k\u00f6nnyebb\u00e9, g\u00f6rd\u00fcl\u00e9kenyebb\u00e9 tehetj\u00fck a mikro-, kis- \u00e9s k\u00f6z\u00e9pv\u00e1llalkoz\u00e1sok mindennapi \u00e9let\u00e9t.<\/p>\n<\/div><\/div><\/div><\/div><div id=\"pg-2-1\"  class=\"panel-grid panel-no-style\" ><div id=\"pgc-2-1-0\"  class=\"panel-grid-cell panel-grid-cell-empty\" ><\/div><\/div><\/div>","protected":false},"excerpt":{"rendered":"<p>Mi, a MENTAT Kft.-n\u00e9l t\u00f6bb \u00e9vtizede dolgozunk az IT szektorban. K\u00fcl\u00f6n-k\u00fcl\u00f6n kezdt\u00fck, de \u00fagy gondoltuk, hogy tud\u00e1sunkat \u00f6sszeadva, egym\u00e1st kieg\u00e9sz\u00edtve jobban ki tudjuk szolg\u00e1lni az \u00fcgyfelek ig\u00e9ny\u00e9t. Sokan \u00e9rtenek sok r\u00e9szter\u00fclethez, de a mi er\u0151ss\u00e9g\u00fcnk, hogy \u2013 a nagy szakmai tapasztalatnak is k\u00f6sz\u00f6nhet\u0151en \u2013 k\u00e9pesek vagyunk az \u00f6sszef\u00fcgg\u00e9seket is \u00e1tl\u00e1tni,&hellip; <\/p>\n","protected":false},"author":1,"featured_media":0,"parent":0,"menu_order":1,"comment_status":"closed","ping_status":"closed","template":"","meta":[],"_links":{"self":[{"href":"https:\/\/mentat.hu\/index.php?rest_route=\/wp\/v2\/pages\/2"}],"collection":[{"href":"https:\/\/mentat.hu\/index.php?rest_route=\/wp\/v2\/pages"}],"about":[{"href":"https:\/\/mentat.hu\/index.php?rest_route=\/wp\/v2\/types\/page"}],"author":[{"embeddable":true,"href":"https:\/\/mentat.hu\/index.php?rest_route=\/wp\/v2\/users\/1"}],"replies":[{"embeddable":true,"href":"https:\/\/mentat.hu\/index.php?rest_route=%2Fwp%2Fv2%2Fcomments&post=2"}],"version-history":[{"count":6,"href":"https:\/\/mentat.hu\/index.php?rest_route=\/wp\/v2\/pages\/2\/revisions"}],"predecessor-version":[{"id":107,"href":"https:\/\/mentat.hu\/index.php?rest_route=\/wp\/v2\/pages\/2\/revisions\/107"}],"wp:attachment":[{"href":"https:\/\/mentat.hu\/index.php?rest_route=%2Fwp%2Fv2%2Fmedia&parent=2"}],"curies":[{"name":"wp","href":"https:\/\/api.w.org\/{rel}","templated":true}]}}